{"id":89,"date":"2019-08-20T15:59:41","date_gmt":"2019-08-20T15:59:41","guid":{"rendered":"http:\/\/www.portadafrente.pt\/investir-e-morar-em-portugal\/?page_id=89"},"modified":"2022-01-21T10:03:21","modified_gmt":"2022-01-21T10:03:21","slug":"investir-e-morar-em-portugal","status":"publish","type":"page","link":"https:\/\/www.portadafrente.pt\/ebook\/investir-e-morar-em-portugal\/","title":{"rendered":"Investir e Morar em Portugal"},"content":{"rendered":"<p>[et_pb_section fb_built=&#8221;1&#8243; custom_padding_last_edited=&#8221;on|desktop&#8221; module_id=&#8221;top&#8221; _builder_version=&#8221;3.26.6&#8243; background_image=&#8221;https:\/\/www.portadafrente.pt\/ebook\/wp-content\/uploads\/2021\/09\/bg-gv.jpg&#8221; background_position=&#8221;top_center&#8221; custom_padding_tablet=&#8221;&#8221; custom_padding_phone=&#8221;0px||0px||false|false&#8221; global_colors_info=&#8221;{}&#8221;][et_pb_row column_structure=&#8221;2_3,1_3&#8243; use_custom_gutter=&#8221;on&#8221; gutter_width=&#8221;1&#8243; make_equal=&#8221;on&#8221; _builder_version=&#8221;3.26.6&#8243; global_colors_info=&#8221;{}&#8221;][et_pb_column type=&#8221;2_3&#8243; module_class=&#8221;center-v&#8221; _builder_version=&#8221;3.26.6&#8243; global_colors_info=&#8221;{}&#8221;][et_pb_gallery gallery_ids=&#8221;634,644,645,643&#8243; fullwidth=&#8221;on&#8221; _builder_version=&#8221;3.26.6&#8243; custom_margin=&#8221;|15px|||false|false&#8221; custom_margin_tablet=&#8221;&#8221; custom_margin_phone=&#8221;|0px|15px||false|false&#8221; custom_margin_last_edited=&#8221;on|desktop&#8221; auto=&#8221;on&#8221; auto_speed=&#8221;2500&#8243; global_colors_info=&#8221;{}&#8221;][\/et_pb_gallery][\/et_pb_column][et_pb_column type=&#8221;1_3&#8243; module_id=&#8221;column-form&#8221; _builder_version=&#8221;3.26.6&#8243; background_color=&#8221;rgba(0,0,0,0.5)&#8221; custom_padding=&#8221;25px|25px|25px|25px|true|false&#8221; animation_style=&#8221;zoom&#8221; border_radii=&#8221;on|15px|15px|15px|15px&#8221; global_colors_info=&#8221;{}&#8221;][et_pb_text _builder_version=&#8221;3.27.4&#8243; text_text_color=&#8221;#ffffff&#8221; text_line_height=&#8221;1.3em&#8221; header_font=&#8221;|700|||||||&#8221; header_text_color=&#8221;#ffffff&#8221; header_line_height=&#8221;1.2em&#8221; background_layout=&#8221;dark&#8221; global_colors_info=&#8221;{}&#8221;]<\/p>\n<p><span style=\"font-size: 16px; font-weight: 500;\">Neste e-book poder\u00e1 saber todas as informa\u00e7\u00f5es sobre investir em Portugal, desde o programa Golden Visa ao Residente N\u00e3o Habitual, benef\u00edcios fiscais, impostos, seguran\u00e7a, entre outros.<\/span><\/p>\n<p>[\/et_pb_text][et_pb_code _builder_version=&#8221;4.14.6&#8243; hover_enabled=&#8221;0&#8243; global_colors_info=&#8221;{}&#8221; sticky_enabled=&#8221;0&#8243;]<script><!-- [et_pb_line_break_holder] -->function validateForm() {<!-- [et_pb_line_break_holder] -->  var x = document.forms[\"FormHandler\"][\"pardot_extra_field\"].value;<!-- [et_pb_line_break_holder] -->  var y = document.forms[\"FormHandler\"][\"email\"].value;<!-- [et_pb_line_break_holder] -->  var mailformat = \/^[a-zA-Z0-9.!#$%&'*+\/=?^_`{|}~-]+@[a-zA-Z0-9-]+(?:\\.[a-zA-Z0-9-]+)*$\/;<!-- [et_pb_line_break_holder] --><!-- [et_pb_line_break_holder] -->if(y.match(mailformat))<!-- [et_pb_line_break_holder] -->{<!-- [et_pb_line_break_holder] --> if (x == \"\" || x == null) {<!-- [et_pb_line_break_holder] -->    return true;<!-- [et_pb_line_break_holder] -->  }<!-- [et_pb_line_break_holder] -->  else {<!-- [et_pb_line_break_holder] -->  \talert(\"SPAM DETECTED\");<!-- [et_pb_line_break_holder] -->  \treturn false;<!-- [et_pb_line_break_holder] -->  }<!-- [et_pb_line_break_holder] -->}<!-- [et_pb_line_break_holder] -->else<!-- [et_pb_line_break_holder] -->{<!-- [et_pb_line_break_holder] -->alert(\"E-mail inv\u00e1lido\");<!-- [et_pb_line_break_holder] -->return false;<!-- [et_pb_line_break_holder] -->}<!-- [et_pb_line_break_holder] -->}<!-- [et_pb_line_break_holder] --><\/script><!-- [et_pb_line_break_holder] --><!-- [et_pb_line_break_holder] --><\/p>\n<form name=\"FormHandler\" action=\"https:\/\/go.portadafrente.com\/l\/597781\/2019-08-20\/5wqrdt\" method=\"post\" onsubmit=\"return validateForm()\"><!-- [et_pb_line_break_holder] --><\/p>\n<fieldset><!-- [et_pb_line_break_holder] --><!-- [et_pb_line_break_holder] --><!-- Text input--><!-- [et_pb_line_break_holder] --><\/p>\n<div class=\"form-group\"><!-- [et_pb_line_break_holder] -->  <label class=\"control-label\" for=\"textinput\">Nome<\/label>  <!-- [et_pb_line_break_holder] -->  <input id=\"\" name=\"name\" type=\"text\" placeholder=\"\" class=\"form-control\" required=\"\"><!-- [et_pb_line_break_holder] --><\/div>\n<p><!-- [et_pb_line_break_holder] --><!-- [et_pb_line_break_holder] --><!-- Text input--><!-- [et_pb_line_break_holder] --><\/p>\n<div class=\"form-group\"><!-- [et_pb_line_break_holder] -->  <label class=\"control-label\" for=\"\">E-mail<\/label>  <!-- [et_pb_line_break_holder] -->  <input id=\"\" name=\"email\" type=\"text\" placeholder=\"\" class=\"form-control\" required=\"\"><!-- [et_pb_line_break_holder] --><\/div>\n<p><!-- [et_pb_line_break_holder] -->  <!-- [et_pb_line_break_holder] --><!-- Text input--><!-- [et_pb_line_break_holder] --><\/p>\n<div class=\"form-group\"><!-- [et_pb_line_break_holder] -->  <label class=\"control-label\" for=\"\">Pa\u00eds<\/label>  <!-- [et_pb_line_break_holder] -->  <input id=\"\" name=\"country\" type=\"text\" placeholder=\"\" class=\"form-control\" required=\"\"><!-- [et_pb_line_break_holder] --><\/div>\n<p><!-- [et_pb_line_break_holder] -->  <!-- [et_pb_line_break_holder] --><!-- Text input--><!-- [et_pb_line_break_holder] --><\/p>\n<div class=\"form-group\"><!-- [et_pb_line_break_holder] -->  <label class=\"control-label\" for=\"sel1\">Ocupa\u00e7\u00e3o<\/label><!-- [et_pb_line_break_holder] -->  <select class=\"form-control\" id=\"sel1\" name=\"occupation\"><!-- [et_pb_line_break_holder] --><option>&#8211;<\/option><!-- [et_pb_line_break_holder] --><option>Administra\u00e7\u00e3o<\/option><!-- [et_pb_line_break_holder] --><option>Dire\u00e7\u00e3o<\/option><!-- [et_pb_line_break_holder] --><option>Coordena\u00e7\u00e3o<\/option><!-- [et_pb_line_break_holder] --><option>Gestor<\/option><!-- [et_pb_line_break_holder] --><option>T\u00e9cnico<\/option><!-- [et_pb_line_break_holder] --><option>Outra<\/option><!-- [et_pb_line_break_holder] -->  <\/select><!-- [et_pb_line_break_holder] --><\/div>\n<p>  <!-- [et_pb_line_break_holder] -->  <!-- [et_pb_line_break_holder] --><\/p>\n<div style=\"position:absolute; left:-9999px; top: -9999px;\"><!-- [et_pb_line_break_holder] --><input type=\"text\" id=\"\" name=\"pardot_extra_field\"><!-- [et_pb_line_break_holder] -->\r\n<input type=\"hidden\" value=\"\" class=\"utm_source\" name=\"utm_source\" \/>\r\n<input type=\"hidden\" value=\"\" class=\"utm_campaign\" name=\"utm_campaign\" \/>\r\n<input type=\"hidden\" value=\"\" class=\"utm_medium\" name=\"utm_channel\" \/>\r\n<input type=\"hidden\" value=\"\" class=\"utm_content\" name=\"utm_content\" \/>\r\n<input type=\"hidden\" value=\"\" class=\"utm_term\" name=\"utm_term\" \/>\r\n<input type=\"hidden\" value=\"\" class=\"gclid\" name=\"gclid\" \/><!-- [et_pb_line_break_holder] --><\/div>\n<p><!-- [et_pb_line_break_holder] --><!-- [et_pb_line_break_holder] --><!-- Button --><!-- [et_pb_line_break_holder] --><\/p>\n<div class=\"form-group\"><!-- [et_pb_line_break_holder] -->  <button id=\"btn-submit-form\" name=\"submit\" type=\"submit\" class=\"btn-ebook\"  onclick=\"dataLayer.push({'event': 'conversion'});\">DESCARREGUE J\u00c1<\/button><!-- [et_pb_line_break_holder] --><\/div>\n<p><!-- [et_pb_line_break_holder] --><!-- [et_pb_line_break_holder] --><\/fieldset>\n<p><!-- [et_pb_line_break_holder] --><\/form>\n<p><!-- [et_pb_line_break_holder] -->[\/et_pb_code][\/et_pb_column][\/et_pb_row][\/et_pb_section][et_pb_section fb_built=&#8221;1&#8243; _builder_version=&#8221;3.26.6&#8243; animation_style=&#8221;fade&#8221; animation_delay=&#8221;1000ms&#8221; global_colors_info=&#8221;{}&#8221;][et_pb_row _builder_version=&#8221;3.26.6&#8243; custom_padding=&#8221;0px|||||&#8221; global_colors_info=&#8221;{}&#8221;][et_pb_column type=&#8221;4_4&#8243; _builder_version=&#8221;3.26.6&#8243; global_colors_info=&#8221;{}&#8221;][et_pb_text _builder_version=&#8221;3.27.4&#8243; header_font=&#8221;|700|||||||&#8221; header_text_align=&#8221;center&#8221; header_text_color=&#8221;#620024&#8243; global_colors_info=&#8221;{}&#8221;]<\/p>\n<h1>Tenha acesso total ao seguinte conte\u00fado:<\/h1>\n<p>[\/et_pb_text][\/et_pb_column][\/et_pb_row][et_pb_row column_structure=&#8221;1_2,1_2&#8243; use_custom_gutter=&#8221;on&#8221; _builder_version=&#8221;3.26.6&#8243; max_width=&#8221;70%&#8221; custom_padding=&#8221;0px||0px|||&#8221; global_colors_info=&#8221;{}&#8221;][et_pb_column type=&#8221;1_2&#8243; _builder_version=&#8221;3.26.6&#8243; global_colors_info=&#8221;{}&#8221;][et_pb_text ol_position=&#8221;outside&#8221; _builder_version=&#8221;3.27.4&#8243; text_line_height=&#8221;1em&#8221; ol_font_size=&#8221;16px&#8221; ol_line_height=&#8221;3em&#8221; ol_line_height_tablet=&#8221;&#8221; ol_line_height_phone=&#8221;2em&#8221; ol_line_height_last_edited=&#8221;on|desktop&#8221; global_colors_info=&#8221;{}&#8221;]<\/p>\n<ol class=\"list1\">\n<li>Qual \u00e9 o momento do mercado imobili\u00e1rio em Portugal?<\/li>\n<li>Quais seriam os 10 principais motivos para viver em Portugal?<\/li>\n<li>O que \u00e9 o Golden Visa?<\/li>\n<li>O que \u00e9 o Residente N\u00e3o-habitual?<\/li>\n<li>Quais os impostos na aquisi\u00e7\u00e3o de im\u00f3veis em Portugal?<\/li>\n<\/ol>\n<p>[\/et_pb_text][\/et_pb_column][et_pb_column type=&#8221;1_2&#8243; _builder_version=&#8221;3.26.6&#8243; global_colors_info=&#8221;{}&#8221;][et_pb_text ol_position=&#8221;outside&#8221; module_id=&#8221;list-2&#8243; _builder_version=&#8221;3.27.4&#8243; ol_font_size=&#8221;16px&#8221; ol_line_height=&#8221;3em&#8221; custom_margin_tablet=&#8221;-30px||0px||false|false&#8221; custom_margin_phone=&#8221;&#8221; custom_margin_last_edited=&#8221;on|tablet&#8221; custom_padding=&#8221;0px||0px||false|false&#8221; ol_line_height_tablet=&#8221;&#8221; ol_line_height_phone=&#8221;2em&#8221; ol_line_height_last_edited=&#8221;on|desktop&#8221; locked=&#8221;off&#8221; global_colors_info=&#8221;{}&#8221;]<\/p>\n<ol class=\"list2\">\n<li>Como funciona o rendimento sobre rendas de im\u00f3veis?<\/li>\n<li>Qual o prazo para financiar im\u00f3vel em Portugal?<\/li>\n<li>Como transferir valores para a compra de um im\u00f3vel?<\/li>\n<li>\u00c9 seguro viver em Portugal?<\/li>\n<li>Quem \u00e9 a <em>PORTA DA FRENTE CHRISTIE\u2019S<\/em>?<\/li>\n<\/ol>\n<p>[\/et_pb_text][\/et_pb_column][\/et_pb_row][et_pb_row _builder_version=&#8221;3.26.6&#8243; custom_padding=&#8221;||0px|||&#8221; global_colors_info=&#8221;{}&#8221;][et_pb_column type=&#8221;4_4&#8243; _builder_version=&#8221;3.26.6&#8243; global_colors_info=&#8221;{}&#8221;][et_pb_button button_url=&#8221;#top&#8221; button_text=&#8221;GARANTA J\u00c1 O SEU E-BOOK&#8221; button_alignment=&#8221;center&#8221; _builder_version=&#8221;4.13.0&#8243; custom_button=&#8221;on&#8221; button_text_color=&#8221;#ffffff&#8221; button_bg_color=&#8221;#000000&#8243; button_border_width=&#8221;0px&#8221; button_border_radius=&#8221;10px&#8221; button_icon=&#8221;&#x32;||divi||400&#8243; button_on_hover=&#8221;off&#8221; global_colors_info=&#8221;{}&#8221; button_border_width__hover_enabled=&#8221;off&#8221;][\/et_pb_button][\/et_pb_column][\/et_pb_row][\/et_pb_section][et_pb_section fb_built=&#8221;1&#8243; _builder_version=&#8221;4.4.6&#8243; background_color=&#8221;#660724&#8243; custom_padding=&#8221;0px||0px|||&#8221; global_colors_info=&#8221;{}&#8221;][et_pb_row column_structure=&#8221;1_4,3_4&#8243; make_equal=&#8221;on&#8221; _builder_version=&#8221;4.4.6&#8243; global_colors_info=&#8221;{}&#8221;][et_pb_column type=&#8221;1_4&#8243; _builder_version=&#8221;4.4.6&#8243; global_colors_info=&#8221;{}&#8221;][et_pb_image src=&#8221;https:\/\/www.portadafrente.pt\/ebook\/wp-content\/uploads\/2021\/05\/Ativo-2.png&#8221; title_text=&#8221;Ativo 2&#8243; align=&#8221;center&#8221; _builder_version=&#8221;4.4.6&#8243; max_width=&#8221;80%&#8221; max_width_tablet=&#8221;200px&#8221; max_width_phone=&#8221;&#8221; max_width_last_edited=&#8221;on|desktop&#8221; custom_margin=&#8221;||22px|||&#8221; global_colors_info=&#8221;{}&#8221;][\/et_pb_image][et_pb_code _builder_version=&#8221;4.4.6&#8243; global_colors_info=&#8221;{}&#8221;]<\/p>\n<ul class=\"list-inline\"><!-- [et_pb_line_break_holder] -->                  <\/p>\n<li class=\"list-inline-item\"><a href=\"http:\/\/www.facebook.com\/portadafrente\" target=\"_blank\" class=\"text-white\" rel=\"noopener noreferrer\"><i class=\"fab fa-2x fa-facebook\"><\/i><\/a><\/li>\n<p><!-- [et_pb_line_break_holder] -->                  <\/p>\n<li class=\"list-inline-item\"><a href=\"https:\/\/www.instagram.com\/portadafrentechristies\/\" target=\"_blank\" class=\"text-white\" rel=\"noopener noreferrer\"><i class=\"fab fa-2x fa-instagram\"><\/i><\/a><\/li>\n<p><!-- [et_pb_line_break_holder] -->                  <\/p>\n<li class=\"list-inline-item\"><a href=\"https:\/\/www.linkedin.com\/company\/porta-da-frente-christie%27s\/\" target=\"_blank\" class=\"text-white\" rel=\"noopener noreferrer\"><i class=\"fab fa-2x fa-linkedin\"><\/i><\/a><\/li>\n<p><!-- [et_pb_line_break_holder] -->                  <\/p>\n<li class=\"list-inline-item\"><a href=\"https:\/\/www.youtube.com\/channel\/UCyxni2x557JaDk-b8XXpctA\/\" target=\"_blank\" class=\"text-white\" rel=\"noopener noreferrer\"><i class=\"fab fa-2x fa-youtube\"><\/i><\/a><\/li>\n<p><!-- [et_pb_line_break_holder] -->                <\/ul>\n<p>[\/et_pb_code][\/et_pb_column][et_pb_column type=&#8221;3_4&#8243; _builder_version=&#8221;4.4.6&#8243; global_colors_info=&#8221;{}&#8221;][et_pb_text module_class=&#8221;text-footer&#8221; _builder_version=&#8221;3.27.4&#8243; text_text_color=&#8221;#ffffff&#8221; text_font_size=&#8221;16px&#8221; header_6_text_color=&#8221;#ffffff&#8221; header_6_font_size=&#8221;10px&#8221; text_font_size_tablet=&#8221;13px&#8221; text_font_size_phone=&#8221;&#8221; text_font_size_last_edited=&#8221;on|tablet&#8221; text_orientation_tablet=&#8221;center&#8221; text_orientation_phone=&#8221;&#8221; text_orientation_last_edited=&#8221;on|phone&#8221; global_colors_info=&#8221;{}&#8221;]<\/p>\n<p><span>A\u00a0<\/span><strong>Porta da Frente Christie\u2019s<\/strong><span>\u00a0\u00e9 uma empresa de media\u00e7\u00e3o imobili\u00e1ria que trabalha no mercado h\u00e1 mais de duas d\u00e9cadas, focando-se nos melhores im\u00f3veis e empreendimentos, quer para venda quer para arrendamento. A empresa foi selecionada pela prestigiada marca Christie\u2019s International Real Estate para representar Portugal, nas zonas de Lisboa, Cascais, Oeiras e Alentejo. A principal miss\u00e3o da\u00a0<\/span><strong>Porta da Frente Christie\u2019s<\/strong><span>\u00a0\u00e9 privilegiar um servi\u00e7o de excel\u00eancia a todos os nossos clientes.<\/span><\/p>\n<h6><span>Porta da Frente &#8211; Soc. de Media\u00e7\u00e3o Imobili\u00e1ria, Lda. AMI: 6335 &#8211; 14\/02\/2005 &#8211; <a href=\"https:\/\/www.portadafrente.pt\/ebook\/politica-de-protecao-de-dados\/\" target=\"_blank\" rel=\"noopener noreferrer\">Leia a nossa pol\u00edtica de prote\u00e7\u00e3o de dados<\/a><\/span><\/h6>\n<p><span><\/span><\/p>\n<p><span><\/span><\/p>\n<p>[\/et_pb_text][\/et_pb_column][\/et_pb_row][\/et_pb_section]<\/p>\n","protected":false},"excerpt":{"rendered":"<p>Neste e-book poder\u00e1 saber todas as informa\u00e7\u00f5es sobre investir em Portugal, desde o programa Golden Visa ao Residente N\u00e3o Habitual, benef\u00edcios fiscais, impostos, seguran\u00e7a, entre outros. Nome E-mail Pa\u00eds Ocupa\u00e7\u00e3o &#8211; Administra\u00e7\u00e3o Dire\u00e7\u00e3o Coordena\u00e7\u00e3o Gestor T\u00e9cnico Outra \r\n<input type=\"hidden\" value=\"\" class=\"utm_source\" name=\"utm_source\" \/>\r\n<input type=\"hidden\" value=\"\" class=\"utm_campaign\" name=\"utm_campaign\" \/>\r\n<input type=\"hidden\" value=\"\" class=\"utm_medium\" name=\"utm_channel\" \/>\r\n<input type=\"hidden\" value=\"\" class=\"utm_content\" name=\"utm_content\" \/>\r\n<input type=\"hidden\" value=\"\" class=\"utm_term\" name=\"utm_term\" \/>\r\n<input type=\"hidden\" value=\"\" class=\"gclid\" name=\"gclid\" \/> DESCARREGUE J\u00c1Tenha acesso total ao seguinte conte\u00fado: Qual \u00e9 o momento do mercado imobili\u00e1rio em Portugal? Quais [&hellip;]<\/p>\n","protected":false},"author":1,"featured_media":0,"parent":0,"menu_order":0,"comment_status":"closed","ping_status":"closed","template":"","meta":{"_et_pb_use_builder":"on","_et_pb_old_content":"<!-- wp:divi\/placeholder \/-->","_et_gb_content_width":""},"_links":{"self":[{"href":"https:\/\/www.portadafrente.pt\/ebook\/wp-json\/wp\/v2\/pages\/89"}],"collection":[{"href":"https:\/\/www.portadafrente.pt\/ebook\/wp-json\/wp\/v2\/pages"}],"about":[{"href":"https:\/\/www.portadafrente.pt\/ebook\/wp-json\/wp\/v2\/types\/page"}],"author":[{"embeddable":true,"href":"https:\/\/www.portadafrente.pt\/ebook\/wp-json\/wp\/v2\/users\/1"}],"replies":[{"embeddable":true,"href":"https:\/\/www.portadafrente.pt\/ebook\/wp-json\/wp\/v2\/comments?post=89"}],"version-history":[{"count":18,"href":"https:\/\/www.portadafrente.pt\/ebook\/wp-json\/wp\/v2\/pages\/89\/revisions"}],"predecessor-version":[{"id":2106,"href":"https:\/\/www.portadafrente.pt\/ebook\/wp-json\/wp\/v2\/pages\/89\/revisions\/2106"}],"wp:attachment":[{"href":"https:\/\/www.portadafrente.pt\/ebook\/wp-json\/wp\/v2\/media?parent=89"}],"curies":[{"name":"wp","href":"https:\/\/api.w.org\/{rel}","templated":true}]}}