{"id":880,"date":"2021-09-29T14:03:19","date_gmt":"2021-09-29T14:03:19","guid":{"rendered":"http:\/\/www.portadafrente.pt\/ebook\/?page_id=880"},"modified":"2022-01-18T17:28:38","modified_gmt":"2022-01-18T17:28:38","slug":"thank-you","status":"publish","type":"page","link":"https:\/\/www.portadafrente.pt\/ebook\/wines\/thank-you\/","title":{"rendered":"Thank You"},"content":{"rendered":"<p>[et_pb_section fb_built=&#8221;1&#8243; module_id=&#8221;top&#8221; _builder_version=&#8221;3.26.6&#8243; background_image=&#8221;https:\/\/www.portadafrente.pt\/ebook\/wp-content\/uploads\/2021\/09\/1-1-scaled.jpg&#8221; custom_padding=&#8221;10%||10%||false|false&#8221; locked=&#8221;off&#8221;][et_pb_row column_structure=&#8221;2_3,1_3&#8243; use_custom_gutter=&#8221;on&#8221; gutter_width=&#8221;1&#8243; make_equal=&#8221;on&#8221; _builder_version=&#8221;3.26.6&#8243; locked=&#8221;off&#8221;][et_pb_column type=&#8221;2_3&#8243; module_class=&#8221;center-v&#8221; _builder_version=&#8221;3.26.6&#8243;][et_pb_gallery gallery_ids=&#8221;862,863,865,864&#8243; fullwidth=&#8221;on&#8221; _builder_version=&#8221;3.26.6&#8243; custom_margin=&#8221;|15px|||false|false&#8221; custom_margin_phone=&#8221;|0px|15px||false|false&#8221; custom_margin_last_edited=&#8221;on|desktop&#8221; auto=&#8221;on&#8221; auto_speed=&#8221;2500&#8243;][\/et_pb_gallery][\/et_pb_column][et_pb_column type=&#8221;1_3&#8243; module_class=&#8221;center-v&#8221; _builder_version=&#8221;3.26.6&#8243; animation_style=&#8221;zoom&#8221;][et_pb_text module_class=&#8221;thanks-box&#8221; _builder_version=&#8221;3.26.6&#8243; text_text_align=&#8221;left&#8221; text_text_color=&#8221;#ffffff&#8221; text_font_size=&#8221;16px&#8221; text_line_height=&#8221;1.4em&#8221; header_font=&#8221;|700|||||||&#8221; header_text_align=&#8221;center&#8221; header_text_color=&#8221;#ffffff&#8221; header_line_height=&#8221;2em&#8221; background_color=&#8221;rgba(0,0,0,0.5)&#8221; border_radii=&#8221;on|15px|15px|15px|15px&#8221; background_layout=&#8221;dark&#8221; custom_margin=&#8221;||15px|||&#8221; custom_padding=&#8221;30px|30px|30px|30px|true|true&#8221;]<\/p>\n<h1>Thank you!<\/h1>\n<p>Your download will start within a few seconds.<\/p>\n<p>If not,\u00a0<a id=\"link-download\" data-auto-download=\"\" href=\"https:\/\/static.portadafrente.com\/www\/images\/ebooks\/vinhos.pdf\">click here<\/a> and discover the best wines from Portugal and the Islands<\/p>\n<p>[\/et_pb_text][et_pb_code _builder_version=&#8221;3.26.6&#8243;]<script><!-- [et_pb_line_break_holder] -->jQuery(function($){  <!-- [et_pb_line_break_holder] --><!-- [et_pb_line_break_holder] -->setTimeout(function() {<!-- [et_pb_line_break_holder] -->\twindow.location.href = 'https:\/\/static.portadafrente.com\/www\/images\/ebooks\/vinhos.pdf';<!-- [et_pb_line_break_holder] -->}, 3000);<!-- [et_pb_line_break_holder] -->  <!-- [et_pb_line_break_holder] -->});<!-- [et_pb_line_break_holder] --><\/script>[\/et_pb_code][\/et_pb_column][\/et_pb_row][\/et_pb_section][et_pb_section fb_built=&#8221;1&#8243; _builder_version=&#8221;4.4.6&#8243; background_color=&#8221;#660724&#8243; custom_padding=&#8221;0px||0px|||&#8221; locked=&#8221;off&#8221;][et_pb_row column_structure=&#8221;1_4,3_4&#8243; make_equal=&#8221;on&#8221; _builder_version=&#8221;4.4.6&#8243;][et_pb_column type=&#8221;1_4&#8243; _builder_version=&#8221;4.4.6&#8243;][et_pb_image src=&#8221;https:\/\/www.portadafrente.pt\/ebook\/wp-content\/uploads\/2021\/05\/Ativo-2.png&#8221; title_text=&#8221;Ativo 2&#8243; align=&#8221;center&#8221; _builder_version=&#8221;4.4.6&#8243; max_width=&#8221;80%&#8221; max_width_tablet=&#8221;200px&#8221; max_width_last_edited=&#8221;on|desktop&#8221; custom_margin=&#8221;||22px|||&#8221;][\/et_pb_image][et_pb_code _builder_version=&#8221;4.4.6&#8243;]<\/p>\n<ul class=\"list-inline\"><!-- [et_pb_line_break_holder] -->                  <\/p>\n<li class=\"list-inline-item\"><a href=\"http:\/\/www.facebook.com\/portadafrente\" target=\"_blank\" class=\"text-white\" rel=\"noopener noreferrer\"><i class=\"fab fa-2x fa-facebook\"><\/i><\/a><\/li>\n<p><!-- [et_pb_line_break_holder] -->                  <\/p>\n<li class=\"list-inline-item\"><a href=\"https:\/\/www.instagram.com\/portadafrentechristies\/\" target=\"_blank\" class=\"text-white\" rel=\"noopener noreferrer\"><i class=\"fab fa-2x fa-instagram\"><\/i><\/a><\/li>\n<p><!-- [et_pb_line_break_holder] -->                  <\/p>\n<li class=\"list-inline-item\"><a href=\"https:\/\/www.linkedin.com\/company\/porta-da-frente-christie%27s\/\" target=\"_blank\" class=\"text-white\" rel=\"noopener noreferrer\"><i class=\"fab fa-2x fa-linkedin\"><\/i><\/a><\/li>\n<p><!-- [et_pb_line_break_holder] -->                  <\/p>\n<li class=\"list-inline-item\"><a href=\"https:\/\/www.youtube.com\/channel\/UCyxni2x557JaDk-b8XXpctA\/\" target=\"_blank\" class=\"text-white\" rel=\"noopener noreferrer\"><i class=\"fab fa-2x fa-youtube\"><\/i><\/a><\/li>\n<p><!-- [et_pb_line_break_holder] -->                <\/ul>\n<p>[\/et_pb_code][\/et_pb_column][et_pb_column type=&#8221;3_4&#8243; _builder_version=&#8221;4.4.6&#8243;][et_pb_text module_class=&#8221;text-footer&#8221; _builder_version=&#8221;3.26.6&#8243; text_text_color=&#8221;#ffffff&#8221; text_font_size=&#8221;16px&#8221; header_6_text_color=&#8221;#ffffff&#8221; header_6_font_size=&#8221;10px&#8221; text_font_size_tablet=&#8221;13px&#8221; text_font_size_last_edited=&#8221;on|tablet&#8221; text_orientation_tablet=&#8221;center&#8221; text_orientation_last_edited=&#8221;on|phone&#8221;]<\/p>\n<p><strong>Porta da Frente Christie&#8217;s<\/strong><span>\u00a0is a real estate brokerage firm working in the market for two decades, focusing on the best properties and developments, whether for sale or lease. The company was selected by the prestigious Christie&#8217;s International Real Estate brand to represent Portugal in the areas of Lisbon, Cascais, Oeiras and Alentejo. The main mission of the\u00a0<\/span><strong>Porta da Frente Christie&#8217;s<\/strong><span>\u00a0is privileging a service of excellence to all our customers.<\/span><\/p>\n<h6><span>Porta da Frente &#8211; Soc. de Media\u00e7\u00e3o Imobili\u00e1ria, Lda. AMI: 6335 &#8211; 14\/02\/2005 &#8211; <a href=\"https:\/\/www.portadafrente.pt\/ebook\/data-protection-policy\/\" target=\"_blank\" rel=\"noopener noreferrer\">Read our data protection policy<\/a><\/span><\/h6>\n<p><span><\/span><\/p>\n<p>[\/et_pb_text][\/et_pb_column][\/et_pb_row][\/et_pb_section][et_pb_section fb_built=&#8221;1&#8243; _builder_version=&#8221;3.26.6&#8243; custom_margin=&#8221;0px|0px|0px|0px|false|false&#8221; custom_padding=&#8221;0px|0px|0px|0px|false|false&#8221; locked=&#8221;off&#8221;][et_pb_row _builder_version=&#8221;3.26.6&#8243; custom_margin=&#8221;0px|0px|0px|0px|false|false&#8221; custom_padding=&#8221;0px|0px|0px|0px|false|false&#8221;][et_pb_column _builder_version=&#8221;3.26.6&#8243; type=&#8221;4_4&#8243;][et_pb_code _builder_version=&#8221;3.26.6&#8243;]<!-- Event snippet for E-book Preenchimento conversion page --> <script> gtag('event', 'conversion', {'send_to': 'AW-982466119\/4iL7CJzam5EDEMf8vNQD'}); <\/script>[\/et_pb_code][\/et_pb_column][\/et_pb_row][\/et_pb_section]<\/p>\n","protected":false},"excerpt":{"rendered":"<p>Thank you! Your download will start within a few seconds. If not,\u00a0click here and discover the best wines from Portugal and the IslandsPorta da Frente Christie&#8217;s\u00a0is a real estate brokerage firm working in the market for two decades, focusing on the best properties and developments, whether for sale or lease. The company was selected by [&hellip;]<\/p>\n","protected":false},"author":1,"featured_media":0,"parent":875,"menu_order":0,"comment_status":"closed","ping_status":"closed","template":"","meta":{"_et_pb_use_builder":"on","_et_pb_old_content":"<!-- wp:divi\/placeholder \/-->","_et_gb_content_width":""},"_links":{"self":[{"href":"https:\/\/www.portadafrente.pt\/ebook\/wp-json\/wp\/v2\/pages\/880"}],"collection":[{"href":"https:\/\/www.portadafrente.pt\/ebook\/wp-json\/wp\/v2\/pages"}],"about":[{"href":"https:\/\/www.portadafrente.pt\/ebook\/wp-json\/wp\/v2\/types\/page"}],"author":[{"embeddable":true,"href":"https:\/\/www.portadafrente.pt\/ebook\/wp-json\/wp\/v2\/users\/1"}],"replies":[{"embeddable":true,"href":"https:\/\/www.portadafrente.pt\/ebook\/wp-json\/wp\/v2\/comments?post=880"}],"version-history":[{"count":4,"href":"https:\/\/www.portadafrente.pt\/ebook\/wp-json\/wp\/v2\/pages\/880\/revisions"}],"predecessor-version":[{"id":1016,"href":"https:\/\/www.portadafrente.pt\/ebook\/wp-json\/wp\/v2\/pages\/880\/revisions\/1016"}],"up":[{"embeddable":true,"href":"https:\/\/www.portadafrente.pt\/ebook\/wp-json\/wp\/v2\/pages\/875"}],"wp:attachment":[{"href":"https:\/\/www.portadafrente.pt\/ebook\/wp-json\/wp\/v2\/media?parent=880"}],"curies":[{"name":"wp","href":"https:\/\/api.w.org\/{rel}","templated":true}]}}