{"id":289,"date":"2021-05-26T10:19:41","date_gmt":"2021-05-26T10:19:41","guid":{"rendered":"http:\/\/www.portadafrente.pt\/ebook\/?page_id=289"},"modified":"2021-05-26T16:25:31","modified_gmt":"2021-05-26T16:25:31","slug":"25th-years-special-edition","status":"publish","type":"page","link":"https:\/\/www.portadafrente.pt\/ebook\/25th-years-special-edition\/","title":{"rendered":"25th years Special Edition"},"content":{"rendered":"<p>[et_pb_section fb_built=&#8221;1&#8243; module_id=&#8221;top&#8221; _builder_version=&#8221;3.26.6&#8243; background_image=&#8221;https:\/\/www.portadafrente.pt\/ebook\/wp-content\/uploads\/2021\/05\/blur.jpg&#8221;][et_pb_row column_structure=&#8221;1_2,1_2&#8243; module_class=&#8221;row-ebook&#8221; _builder_version=&#8221;3.26.6&#8243; custom_margin=&#8221;0px||0px||false|false&#8221; custom_padding=&#8221;0px||0px||false|false&#8221;][et_pb_column type=&#8221;1_2&#8243; _builder_version=&#8221;3.26.6&#8243;][et_pb_image src=&#8221;https:\/\/www.portadafrente.pt\/ebook\/wp-content\/uploads\/2021\/05\/ebook_25anos.png&#8221; _builder_version=&#8221;4.9.4&#8243; animation_style=&#8221;fold&#8221; hover_enabled=&#8221;0&#8243; title_text=&#8221;ebook_25anos&#8221; sticky_enabled=&#8221;0&#8243;][\/et_pb_image][\/et_pb_column][et_pb_column type=&#8221;1_2&#8243; _builder_version=&#8221;3.26.6&#8243; background_color=&#8221;rgba(0,0,0,0.5)&#8221; custom_padding=&#8221;30px|30px|30px|30px|true|false&#8221; animation_style=&#8221;zoom&#8221; animation_delay=&#8221;500ms&#8221; border_radii=&#8221;on|15px|15px|15px|15px&#8221;][et_pb_text _builder_version=&#8221;4.9.4&#8243; text_text_color=&#8221;#ffffff&#8221; text_font_size=&#8221;16px&#8221; text_line_height=&#8221;1.4em&#8221; header_font=&#8221;|700|||||||&#8221; header_text_align=&#8221;center&#8221; header_text_color=&#8221;#ffffff&#8221; header_font_size=&#8221;28px&#8221; header_line_height=&#8221;1.2em&#8221; background_layout=&#8221;dark&#8221; custom_margin=&#8221;||15px|||&#8221;]<\/p>\n<h1>25th Anniversary Special Edition<\/h1>\n<p>[\/et_pb_text][et_pb_text _builder_version=&#8221;4.9.4&#8243; text_text_color=&#8221;#ffffff&#8221; text_line_height=&#8221;1.6em&#8221; header_font=&#8221;|700|||||||&#8221; header_text_color=&#8221;#ffffff&#8221; header_line_height=&#8221;1.2em&#8221; text_orientation=&#8221;center&#8221; background_layout=&#8221;dark&#8221; text_text_align=&#8221;center&#8221;]<\/p>\n<p><span>This is an issue full of surprises, with exclusive articles about the history and activity of Porta da Frente Christie&#8217;s, as well as important moments in the Portuguese real estate market from recent decades to the present day.<\/span><\/p>\n<p>[\/et_pb_text][et_pb_code _builder_version=&#8221;4.9.4&#8243;]<script><!-- [et_pb_line_break_holder] -->function validateForm() {<!-- [et_pb_line_break_holder] -->  var x = document.forms[\"FormHandler\"][\"pardot_extra_field\"].value;<!-- [et_pb_line_break_holder] -->  var y = document.forms[\"FormHandler\"][\"email\"].value;<!-- [et_pb_line_break_holder] -->  var mailformat = \/^[a-zA-Z0-9.!#$%&'*+\/=?^_`{|}~-]+@[a-zA-Z0-9-]+(?:\\.[a-zA-Z0-9-]+)*$\/;<!-- [et_pb_line_break_holder] --><!-- [et_pb_line_break_holder] -->if(y.match(mailformat))<!-- [et_pb_line_break_holder] -->{<!-- [et_pb_line_break_holder] --> if (x == \"\" || x == null) {<!-- [et_pb_line_break_holder] -->    return true;<!-- [et_pb_line_break_holder] -->  }<!-- [et_pb_line_break_holder] -->  else {<!-- [et_pb_line_break_holder] -->  \talert(\"SPAM DETECTED\");<!-- [et_pb_line_break_holder] -->  \treturn false;<!-- [et_pb_line_break_holder] -->  }<!-- [et_pb_line_break_holder] -->}<!-- [et_pb_line_break_holder] -->else<!-- [et_pb_line_break_holder] -->{<!-- [et_pb_line_break_holder] -->alert(\"E-mail inv\u00e1lido\");<!-- [et_pb_line_break_holder] -->return false;<!-- [et_pb_line_break_holder] -->}<!-- [et_pb_line_break_holder] -->}<!-- [et_pb_line_break_holder] --><\/script><!-- [et_pb_line_break_holder] --><!-- [et_pb_line_break_holder] --><\/p>\n<form name=\"FormHandler\" action=\"https:\/\/go.portadafrente.com\/l\/597781\/2021-05-26\/22vn9bl\" method=\"post\" onsubmit=\"return validateForm()\"><!-- [et_pb_line_break_holder] --><!-- [et_pb_line_break_holder] --><\/p>\n<fieldset><!-- [et_pb_line_break_holder] --><!-- [et_pb_line_break_holder] --><!-- Text input--><!-- [et_pb_line_break_holder] --><\/p>\n<div class=\"form-group\"><!-- [et_pb_line_break_holder] -->  <input id=\"\" name=\"name\" type=\"text\" placeholder=\"Name\" class=\"form-control form-size form-left\" required=\"\"><!-- [et_pb_line_break_holder] --><\/div>\n<p><!-- [et_pb_line_break_holder] --><!-- [et_pb_line_break_holder] --><!-- Text input--><!-- [et_pb_line_break_holder] --><\/p>\n<div class=\"form-group\"><!-- [et_pb_line_break_holder] -->  <input id=\"\" name=\"email\" type=\"text\" placeholder=\"E-mail\" class=\"form-control form-size form-right\" required=\"\"><!-- [et_pb_line_break_holder] --><\/div>\n<p><!-- [et_pb_line_break_holder] --><!-- [et_pb_line_break_holder] --><\/p>\n<div style=\"position:absolute; left:-9999px; top: -9999px;\"><!-- [et_pb_line_break_holder] --><input type=\"text\" id=\"\" name=\"pardot_extra_field\"><!-- [et_pb_line_break_holder] --><\/div>\n<p><!-- [et_pb_line_break_holder] --><!-- [et_pb_line_break_holder] -->  <!-- Button --><!-- [et_pb_line_break_holder] --><\/p>\n<div class=\"form-group\"><!-- [et_pb_line_break_holder] -->  <input id=\"\" name=\"language\" value=\"Portugu\u00eas\" type=\"text\" placeholder=\"\" class=\"form-hidden\"><!-- [et_pb_line_break_holder] -->  <button  id=\"btn-submit-form\" name=\"submit\" type=\"submit\" class=\"btn-ebook\" onclick=\"dataLayer.push({'event': 'conversion'});\">DOWNLOAD NOW<\/button><!-- [et_pb_line_break_holder] --><\/div>\n<p><!-- [et_pb_line_break_holder] --><!-- [et_pb_line_break_holder] --><\/fieldset>\n<p><!-- [et_pb_line_break_holder] --><\/form>\n<p><!-- [et_pb_line_break_holder] -->[\/et_pb_code][\/et_pb_column][\/et_pb_row][\/et_pb_section][et_pb_section fb_built=&#8221;1&#8243; _builder_version=&#8221;3.26.6&#8243; animation_style=&#8221;fade&#8221; animation_delay=&#8221;1000ms&#8221;][et_pb_row _builder_version=&#8221;3.26.6&#8243; custom_padding=&#8221;0px||40px|||&#8221;][et_pb_column type=&#8221;4_4&#8243; _builder_version=&#8221;3.26.6&#8243;][et_pb_text _builder_version=&#8221;4.9.4&#8243; header_font=&#8221;|700|||||||&#8221; header_text_align=&#8221;center&#8221; header_text_color=&#8221;#620024&#8243;]<\/p>\n<h1><span>Access exclusive articles of a story that is also yours<\/span><\/h1>\n<p>[\/et_pb_text][\/et_pb_column][\/et_pb_row][et_pb_row column_structure=&#8221;1_2,1_2&#8243; use_custom_gutter=&#8221;on&#8221; _builder_version=&#8221;3.26.6&#8243; max_width=&#8221;70%&#8221; max_width_tablet=&#8221;&#8221; max_width_phone=&#8221;100%&#8221; max_width_last_edited=&#8221;on|desktop&#8221; custom_padding=&#8221;0px||0px|||&#8221;][et_pb_column type=&#8221;1_2&#8243; _builder_version=&#8221;3.26.6&#8243;][et_pb_text ol_position=&#8221;outside&#8221; _builder_version=&#8221;4.9.4&#8243; text_font=&#8221;||||||||&#8221; text_text_color=&#8221;#000000&#8243; text_line_height=&#8221;1em&#8221; ol_font_size=&#8221;16px&#8221; ol_line_height=&#8221;3em&#8221; ol_font_size_tablet=&#8221;&#8221; ol_font_size_phone=&#8221;12px&#8221; ol_font_size_last_edited=&#8221;on|phone&#8221; text_text_align=&#8221;left&#8221;]<\/p>\n<ol class=\"list1\">\n<li><span>25 years of stories to tell<\/span><\/li>\n<li><span>The privilege of customer service<\/span><\/li>\n<li><span>Christie\u2019s International Real Estate: a prestigious and exclusive affiliation<\/span><\/li>\n<li><span>Lisbon, Oeiras and Cascais: an adventure with 25 years<\/span><\/li>\n<li><span>Two decades with the best real estate partners<\/span><\/li>\n<\/ol>\n<p>[\/et_pb_text][\/et_pb_column][et_pb_column type=&#8221;1_2&#8243; _builder_version=&#8221;3.26.6&#8243;][et_pb_text ol_position=&#8221;outside&#8221; module_id=&#8221;list-2&#8243; _builder_version=&#8221;4.9.4&#8243; ol_font_size=&#8221;16px&#8221; ol_line_height=&#8221;3em&#8221; custom_margin_tablet=&#8221;-30px||0px||false|false&#8221; custom_margin_phone=&#8221;&#8221; custom_margin_last_edited=&#8221;on|tablet&#8221; custom_padding=&#8221;0px||0px||false|false&#8221; ol_font_size_tablet=&#8221;&#8221; ol_font_size_phone=&#8221;12px&#8221; ol_font_size_last_edited=&#8221;on|phone&#8221; locked=&#8221;off&#8221;]<\/p>\n<ol class=\"list2\">\n<li><span>Avenida da Liberdade: the prestige and refinement with portuguese signature<\/span><\/li>\n<li><span>Frederico Valssassina: 35 years of architecture of excellence<\/span><\/li>\n<li><span>Oeiras: where the sea and modernity merge with the future on the horizon<\/span><\/li>\n<li><span>House Living: the most exclusive property management service on the market<\/span><\/li>\n<li><span>Unique developments and properties<\/span><\/li>\n<\/ol>\n<p>[\/et_pb_text][\/et_pb_column][\/et_pb_row][et_pb_row _builder_version=&#8221;3.26.6&#8243; custom_padding=&#8221;||0px|||&#8221;][et_pb_column type=&#8221;4_4&#8243; _builder_version=&#8221;3.26.6&#8243;][et_pb_button button_url=&#8221;#top&#8221; button_text=&#8221;Get your e-book now&#8221; button_alignment=&#8221;center&#8221; _builder_version=&#8221;4.9.4&#8243; custom_button=&#8221;on&#8221; button_text_color=&#8221;#ffffff&#8221; button_bg_color=&#8221;#000000&#8243; button_border_width=&#8221;0px&#8221; button_border_radius=&#8221;10px&#8221; button_icon=&#8221;%%17%%&#8221; button_on_hover=&#8221;off&#8221; button_border_width__hover_enabled=&#8221;off&#8221;][\/et_pb_button][\/et_pb_column][\/et_pb_row][\/et_pb_section][et_pb_section fb_built=&#8221;1&#8243; _builder_version=&#8221;3.26.6&#8243; background_color=&#8221;#620024&#8243; custom_padding=&#8221;||50px||false|false&#8221;][et_pb_row column_structure=&#8221;1_4,3_4&#8243; make_equal=&#8221;on&#8221; _builder_version=&#8221;3.26.6&#8243; custom_padding=&#8221;0px||0px|||&#8221; animation_style=&#8221;zoom&#8221;][et_pb_column type=&#8221;1_4&#8243; _builder_version=&#8221;3.26.6&#8243;][et_pb_image src=&#8221;https:\/\/www.portadafrente.pt\/ebook\/wp-content\/uploads\/2021\/05\/Ativo-2.png&#8221; align_tablet=&#8221;&#8221; align_phone=&#8221;center&#8221; align_last_edited=&#8221;on|desktop&#8221; _builder_version=&#8221;3.26.6&#8243; max_width=&#8221;180px&#8221;][\/et_pb_image][\/et_pb_column][et_pb_column type=&#8221;3_4&#8243; _builder_version=&#8221;3.26.6&#8243;][et_pb_text _builder_version=&#8221;3.27.4&#8243; text_text_color=&#8221;#ffffff&#8221; header_6_text_color=&#8221;#ffffff&#8221; header_6_font_size=&#8221;11px&#8221; locked=&#8221;off&#8221;]<\/p>\n<p><strong>Porta da Frente Christie&#8217;s<\/strong><span>\u00a0is a real estate brokerage firm working in the market for two decades, focusing on the best properties and developments, whether for sale or lease. The company was selected by the prestigious Christie&#8217;s International Real Estate brand to represent Portugal in the areas of Lisbon, Cascais, Oeiras and Alentejo. The main mission of the\u00a0<\/span><strong>Porta da Frente Christie&#8217;s<\/strong><span>\u00a0is privileging a service of excellence to all our customers.<\/span><\/p>\n<p><span><\/span><\/p>\n<h6><span>Porta da Frente &#8211; Soc. de Media\u00e7\u00e3o Imobili\u00e1ria, Lda. AMI: 6335 &#8211; 14\/02\/2005 &#8211; <a href=\"https:\/\/www.portadafrente.pt\/ebook\/data-protection-policy\/\" target=\"_blank\" rel=\"noopener noreferrer\">Read our data protection policy<\/a><\/span><\/h6>\n<p>[\/et_pb_text][\/et_pb_column][\/et_pb_row][\/et_pb_section]<\/p>\n","protected":false},"excerpt":{"rendered":"<p>25th Anniversary Special EditionThis is an issue full of surprises, with exclusive articles about the history and activity of Porta da Frente Christie&#8217;s, as well as important moments in the Portuguese real estate market from recent decades to the present day.Access exclusive articles of a story that is also yours 25 years of stories to [&hellip;]<\/p>\n","protected":false},"author":1,"featured_media":0,"parent":0,"menu_order":0,"comment_status":"closed","ping_status":"closed","template":"","meta":{"_et_pb_use_builder":"on","_et_pb_old_content":"<!-- wp:divi\/placeholder \/-->","_et_gb_content_width":""},"_links":{"self":[{"href":"https:\/\/www.portadafrente.pt\/ebook\/wp-json\/wp\/v2\/pages\/289"}],"collection":[{"href":"https:\/\/www.portadafrente.pt\/ebook\/wp-json\/wp\/v2\/pages"}],"about":[{"href":"https:\/\/www.portadafrente.pt\/ebook\/wp-json\/wp\/v2\/types\/page"}],"author":[{"embeddable":true,"href":"https:\/\/www.portadafrente.pt\/ebook\/wp-json\/wp\/v2\/users\/1"}],"replies":[{"embeddable":true,"href":"https:\/\/www.portadafrente.pt\/ebook\/wp-json\/wp\/v2\/comments?post=289"}],"version-history":[{"count":4,"href":"https:\/\/www.portadafrente.pt\/ebook\/wp-json\/wp\/v2\/pages\/289\/revisions"}],"predecessor-version":[{"id":302,"href":"https:\/\/www.portadafrente.pt\/ebook\/wp-json\/wp\/v2\/pages\/289\/revisions\/302"}],"wp:attachment":[{"href":"https:\/\/www.portadafrente.pt\/ebook\/wp-json\/wp\/v2\/media?parent=289"}],"curies":[{"name":"wp","href":"https:\/\/api.w.org\/{rel}","templated":true}]}}