{"id":2238,"date":"2022-07-15T09:11:22","date_gmt":"2022-07-15T09:11:22","guid":{"rendered":"https:\/\/www.portadafrente.pt\/ebook\/?page_id=2238"},"modified":"2022-07-15T09:16:00","modified_gmt":"2022-07-15T09:16:00","slug":"obrigado","status":"publish","type":"page","link":"https:\/\/www.portadafrente.pt\/ebook\/compra-de-imovel\/obrigado\/","title":{"rendered":"Obrigado"},"content":{"rendered":"<p>[et_pb_section fb_built=&#8221;1&#8243; module_id=&#8221;top&#8221; _builder_version=&#8221;4.14.6&#8243; background_image=&#8221;https:\/\/www.portadafrente.pt\/ebook\/wp-content\/uploads\/2022\/07\/real-estate-paper-finance-and-budgeting-concept_desfocado-scaled.jpg&#8221; custom_padding=&#8221;10%||10%||false|false&#8221; hover_enabled=&#8221;0&#8243; global_colors_info=&#8221;{}&#8221; sticky_enabled=&#8221;0&#8243; title_text=&#8221;Real estate paper finance and budgeting concept&#8221;][et_pb_row column_structure=&#8221;2_3,1_3&#8243; use_custom_gutter=&#8221;on&#8221; gutter_width=&#8221;1&#8243; make_equal=&#8221;on&#8221; _builder_version=&#8221;4.14.6&#8243; hover_enabled=&#8221;0&#8243; locked=&#8221;off&#8221; global_colors_info=&#8221;{}&#8221; sticky_enabled=&#8221;0&#8243;][et_pb_column type=&#8221;2_3&#8243; module_class=&#8221;center-v&#8221; _builder_version=&#8221;3.26.6&#8243; global_colors_info=&#8221;{}&#8221;][et_pb_gallery fullwidth=&#8221;on&#8221; _builder_version=&#8221;4.14.6&#8243; custom_margin=&#8221;|15px|||false|false&#8221; custom_margin_tablet=&#8221;&#8221; custom_margin_phone=&#8221;|0px|15px||false|false&#8221; custom_margin_last_edited=&#8221;on|desktop&#8221; auto=&#8221;on&#8221; auto_speed=&#8221;2500&#8243; global_colors_info=&#8221;{}&#8221; gallery_ids=&#8221;2231,2230,2229,2228&#8243; hover_enabled=&#8221;0&#8243; sticky_enabled=&#8221;0&#8243;][\/et_pb_gallery][\/et_pb_column][et_pb_column type=&#8221;1_3&#8243; module_class=&#8221;center-v&#8221; _builder_version=&#8221;3.26.6&#8243; animation_style=&#8221;zoom&#8221; global_colors_info=&#8221;{}&#8221;][et_pb_text module_class=&#8221;thanks-box&#8221; _builder_version=&#8221;4.14.6&#8243; text_text_color=&#8221;#ffffff&#8221; text_font_size=&#8221;16px&#8221; text_line_height=&#8221;1.4em&#8221; header_font=&#8221;|700|||||||&#8221; header_text_align=&#8221;center&#8221; header_text_color=&#8221;#ffffff&#8221; header_line_height=&#8221;2em&#8221; background_color=&#8221;rgba(0,0,0,0.5)&#8221; background_layout=&#8221;dark&#8221; custom_margin=&#8221;||15px|||&#8221; custom_padding=&#8221;30px|30px|30px|30px|true|true&#8221; hover_enabled=&#8221;0&#8243; border_radii=&#8221;on|15px|15px|15px|15px&#8221; text_text_align=&#8221;left&#8221; global_colors_info=&#8221;{}&#8221; sticky_enabled=&#8221;0&#8243;]<\/p>\n<h1>Obrigado!<\/h1>\n<p>O seu e-book ser\u00e1 descarregado nos pr\u00f3ximos segundos.<\/p>\n<p>Caso n\u00e3o seja, <a id=\"link-download\" data-auto-download=\"\" href=\"https:\/\/static.portadafrente.com\/www\/images\/ebooks\/compras_imovel.pdf\">carregue aqui<\/a> e saiba tudo sobre investir e morar em Portugal<\/p>\n<p>[\/et_pb_text][et_pb_code _builder_version=&#8221;3.26.6&#8243; global_colors_info=&#8221;{}&#8221;]<script><!-- [et_pb_line_break_holder] -->jQuery(function($){  <!-- [et_pb_line_break_holder] --><!-- [et_pb_line_break_holder] -->setTimeout(function() {<!-- [et_pb_line_break_holder] -->\twindow.location.href = 'https:\/\/static.portadafrente.com\/www\/images\/ebooks\/golden-visa.pdf';<!-- [et_pb_line_break_holder] -->}, 3000);<!-- [et_pb_line_break_holder] -->  <!-- [et_pb_line_break_holder] -->});<!-- [et_pb_line_break_holder] --><\/script>[\/et_pb_code][\/et_pb_column][\/et_pb_row][\/et_pb_section][et_pb_section fb_built=&#8221;1&#8243; _builder_version=&#8221;4.4.6&#8243; background_color=&#8221;#660724&#8243; custom_padding=&#8221;0px||0px|||&#8221; locked=&#8221;off&#8221; global_colors_info=&#8221;{}&#8221;][et_pb_row column_structure=&#8221;1_4,3_4&#8243; make_equal=&#8221;on&#8221; _builder_version=&#8221;4.4.6&#8243; global_colors_info=&#8221;{}&#8221;][et_pb_column type=&#8221;1_4&#8243; _builder_version=&#8221;4.4.6&#8243; global_colors_info=&#8221;{}&#8221;][et_pb_image src=&#8221;https:\/\/www.portadafrente.pt\/ebook\/wp-content\/uploads\/2021\/05\/Ativo-2.png&#8221; title_text=&#8221;Ativo 2&#8243; align=&#8221;center&#8221; _builder_version=&#8221;4.4.6&#8243; max_width=&#8221;80%&#8221; max_width_tablet=&#8221;200px&#8221; max_width_phone=&#8221;&#8221; max_width_last_edited=&#8221;on|desktop&#8221; custom_margin=&#8221;||22px|||&#8221; global_colors_info=&#8221;{}&#8221;][\/et_pb_image][et_pb_code _builder_version=&#8221;4.4.6&#8243; global_colors_info=&#8221;{}&#8221;]<\/p>\n<ul class=\"list-inline\"><!-- [et_pb_line_break_holder] -->                  <\/p>\n<li class=\"list-inline-item\"><a href=\"http:\/\/www.facebook.com\/portadafrente\" target=\"_blank\" class=\"text-white\" rel=\"noopener noreferrer\"><i class=\"fab fa-2x fa-facebook\"><\/i><\/a><\/li>\n<p><!-- [et_pb_line_break_holder] -->                  <\/p>\n<li class=\"list-inline-item\"><a href=\"https:\/\/www.instagram.com\/portadafrentechristies\/\" target=\"_blank\" class=\"text-white\" rel=\"noopener noreferrer\"><i class=\"fab fa-2x fa-instagram\"><\/i><\/a><\/li>\n<p><!-- [et_pb_line_break_holder] -->                  <\/p>\n<li class=\"list-inline-item\"><a href=\"https:\/\/www.linkedin.com\/company\/porta-da-frente-christie%27s\/\" target=\"_blank\" class=\"text-white\" rel=\"noopener noreferrer\"><i class=\"fab fa-2x fa-linkedin\"><\/i><\/a><\/li>\n<p><!-- [et_pb_line_break_holder] -->                  <\/p>\n<li class=\"list-inline-item\"><a href=\"https:\/\/www.youtube.com\/channel\/UCyxni2x557JaDk-b8XXpctA\/\" target=\"_blank\" class=\"text-white\" rel=\"noopener noreferrer\"><i class=\"fab fa-2x fa-youtube\"><\/i><\/a><\/li>\n<p><!-- [et_pb_line_break_holder] -->                <\/ul>\n<p>[\/et_pb_code][\/et_pb_column][et_pb_column type=&#8221;3_4&#8243; _builder_version=&#8221;4.4.6&#8243; global_colors_info=&#8221;{}&#8221;][et_pb_text module_class=&#8221;text-footer&#8221; _builder_version=&#8221;3.27.4&#8243; text_text_color=&#8221;#ffffff&#8221; text_font_size=&#8221;16px&#8221; header_6_text_color=&#8221;#ffffff&#8221; header_6_font_size=&#8221;10px&#8221; text_font_size_tablet=&#8221;13px&#8221; text_font_size_phone=&#8221;&#8221; text_font_size_last_edited=&#8221;on|tablet&#8221; text_orientation_tablet=&#8221;center&#8221; text_orientation_phone=&#8221;&#8221; text_orientation_last_edited=&#8221;on|phone&#8221; global_colors_info=&#8221;{}&#8221;]<\/p>\n<p><span>A\u00a0<\/span><strong>Porta da Frente Christie\u2019s<\/strong><span>\u00a0\u00e9 uma empresa de media\u00e7\u00e3o imobili\u00e1ria que trabalha no mercado h\u00e1 mais de duas d\u00e9cadas, focando-se nos melhores im\u00f3veis e empreendimentos, quer para venda quer para arrendamento. A empresa foi selecionada pela prestigiada marca Christie\u2019s International Real Estate para representar Portugal, nas zonas de Lisboa, Cascais, Oeiras e Alentejo. A principal miss\u00e3o da\u00a0<\/span><strong>Porta da Frente Christie\u2019s<\/strong><span>\u00a0\u00e9 privilegiar um servi\u00e7o de excel\u00eancia a todos os nossos clientes.<\/span><\/p>\n<h6><span>Porta da Frente &#8211; Soc. de Media\u00e7\u00e3o Imobili\u00e1ria, Lda. AMI: 6335 &#8211; 14\/02\/2005 &#8211; <a href=\"https:\/\/www.portadafrente.pt\/ebook\/politica-de-protecao-de-dados\/\" target=\"_blank\" rel=\"noopener noreferrer\">Leia a nossa pol\u00edtica de prote\u00e7\u00e3o de dados<\/a><\/span><\/h6>\n<p><span><\/span><\/p>\n<p><span><\/span><\/p>\n<p>[\/et_pb_text][\/et_pb_column][\/et_pb_row][\/et_pb_section][et_pb_section fb_built=&#8221;1&#8243; _builder_version=&#8221;3.26.6&#8243; custom_margin=&#8221;0px|0px|0px|0px|false|false&#8221; custom_padding=&#8221;0px|0px|0px|0px|false|false&#8221; locked=&#8221;off&#8221; global_colors_info=&#8221;{}&#8221;][et_pb_row _builder_version=&#8221;3.26.6&#8243; custom_margin=&#8221;0px|0px|0px|0px|false|false&#8221; custom_padding=&#8221;0px|0px|0px|0px|false|false&#8221; global_colors_info=&#8221;{}&#8221;][et_pb_column type=&#8221;4_4&#8243; _builder_version=&#8221;3.26.6&#8243; global_colors_info=&#8221;{}&#8221;][et_pb_code _builder_version=&#8221;3.26.6&#8243; global_colors_info=&#8221;{}&#8221;]<!-- Event snippet for E-book Preenchimento conversion page --> <script> gtag('event', 'conversion', {'send_to': 'AW-982466119\/4iL7CJzam5EDEMf8vNQD'}); <\/script>[\/et_pb_code][\/et_pb_column][\/et_pb_row][\/et_pb_section]<\/p>\n","protected":false},"excerpt":{"rendered":"<p>Obrigado! O seu e-book ser\u00e1 descarregado nos pr\u00f3ximos segundos. Caso n\u00e3o seja, carregue aqui e saiba tudo sobre investir e morar em PortugalA\u00a0Porta da Frente Christie\u2019s\u00a0\u00e9 uma empresa de media\u00e7\u00e3o imobili\u00e1ria que trabalha no mercado h\u00e1 mais de duas d\u00e9cadas, focando-se nos melhores im\u00f3veis e empreendimentos, quer para venda quer para arrendamento. A empresa foi [&hellip;]<\/p>\n","protected":false},"author":1,"featured_media":0,"parent":2226,"menu_order":0,"comment_status":"closed","ping_status":"closed","template":"","meta":{"_et_pb_use_builder":"on","_et_pb_old_content":"<!-- wp:divi\/placeholder \/-->","_et_gb_content_width":""},"_links":{"self":[{"href":"https:\/\/www.portadafrente.pt\/ebook\/wp-json\/wp\/v2\/pages\/2238"}],"collection":[{"href":"https:\/\/www.portadafrente.pt\/ebook\/wp-json\/wp\/v2\/pages"}],"about":[{"href":"https:\/\/www.portadafrente.pt\/ebook\/wp-json\/wp\/v2\/types\/page"}],"author":[{"embeddable":true,"href":"https:\/\/www.portadafrente.pt\/ebook\/wp-json\/wp\/v2\/users\/1"}],"replies":[{"embeddable":true,"href":"https:\/\/www.portadafrente.pt\/ebook\/wp-json\/wp\/v2\/comments?post=2238"}],"version-history":[{"count":3,"href":"https:\/\/www.portadafrente.pt\/ebook\/wp-json\/wp\/v2\/pages\/2238\/revisions"}],"predecessor-version":[{"id":2241,"href":"https:\/\/www.portadafrente.pt\/ebook\/wp-json\/wp\/v2\/pages\/2238\/revisions\/2241"}],"up":[{"embeddable":true,"href":"https:\/\/www.portadafrente.pt\/ebook\/wp-json\/wp\/v2\/pages\/2226"}],"wp:attachment":[{"href":"https:\/\/www.portadafrente.pt\/ebook\/wp-json\/wp\/v2\/media?parent=2238"}],"curies":[{"name":"wp","href":"https:\/\/api.w.org\/{rel}","templated":true}]}}