{"id":2182,"date":"2022-06-02T11:21:59","date_gmt":"2022-06-02T11:21:59","guid":{"rendered":"https:\/\/www.portadafrente.pt\/ebook\/?page_id=2182"},"modified":"2022-06-02T12:15:40","modified_gmt":"2022-06-02T12:15:40","slug":"empreendimentos","status":"publish","type":"page","link":"https:\/\/www.portadafrente.pt\/ebook\/empreendimentos\/","title":{"rendered":"Brochura de Empreendimentos 2022"},"content":{"rendered":"<p>[et_pb_section fb_built=&#8221;1&#8243; module_id=&#8221;top&#8221; _builder_version=&#8221;4.14.6&#8243; background_image=&#8221;https:\/\/www.portadafrente.pt\/ebook\/wp-content\/uploads\/2022\/06\/bg-devs.jpg&#8221; hover_enabled=&#8221;0&#8243; global_colors_info=&#8221;{}&#8221; title_text=&#8221;bg-devs&#8221; sticky_enabled=&#8221;0&#8243;][et_pb_row column_structure=&#8221;1_2,1_2&#8243; module_class=&#8221;row-ebook&#8221; _builder_version=&#8221;3.26.6&#8243; custom_margin=&#8221;0px||0px||false|false&#8221; custom_padding=&#8221;0px||0px||false|false&#8221; global_colors_info=&#8221;{}&#8221;][et_pb_column type=&#8221;1_2&#8243; _builder_version=&#8221;3.26.6&#8243; global_colors_info=&#8221;{}&#8221;][et_pb_image src=&#8221;https:\/\/www.portadafrente.pt\/ebook\/wp-content\/uploads\/2022\/06\/ebook_empreendimentos.png&#8221; _builder_version=&#8221;4.14.6&#8243; animation_style=&#8221;fold&#8221; hover_enabled=&#8221;0&#8243; global_colors_info=&#8221;{}&#8221; title_text=&#8221;ebook_empreendimentos&#8221; sticky_enabled=&#8221;0&#8243;][\/et_pb_image][\/et_pb_column][et_pb_column type=&#8221;1_2&#8243; _builder_version=&#8221;3.26.6&#8243; background_color=&#8221;rgba(0,0,0,0.5)&#8221; custom_padding=&#8221;30px|30px|30px|30px|true|false&#8221; animation_style=&#8221;zoom&#8221; animation_delay=&#8221;500ms&#8221; border_radii=&#8221;on|15px|15px|15px|15px&#8221; global_colors_info=&#8221;{}&#8221;][et_pb_text _builder_version=&#8221;4.14.6&#8243; text_text_color=&#8221;#ffffff&#8221; text_font_size=&#8221;16px&#8221; text_line_height=&#8221;1.4em&#8221; header_font=&#8221;|700|||||||&#8221; header_text_align=&#8221;center&#8221; header_text_color=&#8221;#ffffff&#8221; header_line_height=&#8221;1.2em&#8221; background_layout=&#8221;dark&#8221; custom_margin=&#8221;||15px|||&#8221; hover_enabled=&#8221;0&#8243; global_colors_info=&#8221;{}&#8221; sticky_enabled=&#8221;0&#8243;]<\/p>\n<h1>Empreendimentos Exclusivos<\/h1>\n<p>[\/et_pb_text][et_pb_text _builder_version=&#8221;4.9.4&#8243; text_text_color=&#8221;#ffffff&#8221; text_line_height=&#8221;1.6em&#8221; header_font=&#8221;|700|||||||&#8221; header_text_color=&#8221;#ffffff&#8221; header_line_height=&#8221;1.2em&#8221; text_orientation=&#8221;center&#8221; background_layout=&#8221;dark&#8221; text_text_align=&#8221;center&#8221; global_colors_info=&#8221;{}&#8221;]<\/p>\n<p>Fa\u00e7a o download da nova edi\u00e7\u00e3o e conhe\u00e7a desde j\u00e1 alguns dos nossos destaques de empreendimentos em Lisboa, Cascais e Oeiras.<\/p>\n<p>[\/et_pb_text][et_pb_code _builder_version=&#8221;4.14.6&#8243; hover_enabled=&#8221;0&#8243; global_colors_info=&#8221;{}&#8221; sticky_enabled=&#8221;0&#8243;]<script><!-- [et_pb_line_break_holder] -->function validateForm() {<!-- [et_pb_line_break_holder] -->  var x = document.forms[\"FormHandler\"][\"pardot_extra_field\"].value;<!-- [et_pb_line_break_holder] -->  var y = document.forms[\"FormHandler\"][\"email\"].value;<!-- [et_pb_line_break_holder] -->  var mailformat = \/^[a-zA-Z0-9.!#$%&'*+\/=?^_`{|}~-]+@[a-zA-Z0-9-]+(?:\\.[a-zA-Z0-9-]+)*$\/;<!-- [et_pb_line_break_holder] --><!-- [et_pb_line_break_holder] -->if(y.match(mailformat))<!-- [et_pb_line_break_holder] -->{<!-- [et_pb_line_break_holder] --> if (x == \"\" || x == null) {<!-- [et_pb_line_break_holder] -->    return true;<!-- [et_pb_line_break_holder] -->  }<!-- [et_pb_line_break_holder] -->  else {<!-- [et_pb_line_break_holder] -->  \talert(\"SPAM DETECTED\");<!-- [et_pb_line_break_holder] -->  \treturn false;<!-- [et_pb_line_break_holder] -->  }<!-- [et_pb_line_break_holder] -->}<!-- [et_pb_line_break_holder] -->else<!-- [et_pb_line_break_holder] -->{<!-- [et_pb_line_break_holder] -->alert(\"E-mail inv\u00e1lido\");<!-- [et_pb_line_break_holder] -->return false;<!-- [et_pb_line_break_holder] -->}<!-- [et_pb_line_break_holder] -->}<!-- [et_pb_line_break_holder] --><\/script><!-- [et_pb_line_break_holder] --><!-- [et_pb_line_break_holder] --><\/p>\n<form name=\"FormHandler\" action=\"https:\/\/go.portadafrente.com\/l\/597781\/2022-06-02\/29qd83z\" method=\"post\" onsubmit=\"return validateForm()\"><!-- [et_pb_line_break_holder] --><!-- [et_pb_line_break_holder] --><\/p>\n<fieldset><!-- [et_pb_line_break_holder] --><!-- [et_pb_line_break_holder] --><!-- Text input--><!-- [et_pb_line_break_holder] --><\/p>\n<div class=\"form-group\"><!-- [et_pb_line_break_holder] -->  <input id=\"\" name=\"name\" type=\"text\" placeholder=\"Nome\" class=\"form-control form-size form-left\" required=\"\"><!-- [et_pb_line_break_holder] --><\/div>\n<p><!-- [et_pb_line_break_holder] --><!-- [et_pb_line_break_holder] --><!-- Text input--><!-- [et_pb_line_break_holder] --><\/p>\n<div class=\"form-group\"><!-- [et_pb_line_break_holder] -->  <input id=\"\" name=\"email\" type=\"text\" placeholder=\"E-mail\" class=\"form-control form-size form-right\" required=\"\"><!-- [et_pb_line_break_holder] --><\/div>\n<p><!-- [et_pb_line_break_holder] --><!-- [et_pb_line_break_holder] --><\/p>\n<div style=\"position:absolute; left:-9999px; top: -9999px;\"><!-- [et_pb_line_break_holder] --><input type=\"text\" id=\"\" name=\"pardot_extra_field\"><!-- [et_pb_line_break_holder] --><\/div>\n<p><!-- [et_pb_line_break_holder] --><!-- [et_pb_line_break_holder] -->  <!-- Button --><!-- [et_pb_line_break_holder] --><\/p>\n<div class=\"form-group\"><!-- [et_pb_line_break_holder] -->  <input id=\"\" name=\"language\" value=\"Portugu\u00eas\" type=\"text\" placeholder=\"\" class=\"form-hidden\"><!-- [et_pb_line_break_holder] -->  <button  id=\"btn-submit-form\" name=\"submit\" type=\"submit\" class=\"btn-ebook\" onclick=\"dataLayer.push({'event': 'conversion'});\">DESCARREGUE J\u00c1<\/button><!-- [et_pb_line_break_holder] --><\/div>\n<p><!-- [et_pb_line_break_holder] --><!-- [et_pb_line_break_holder] --><\/fieldset>\n<p><!-- [et_pb_line_break_holder] --><\/form>\n<p><!-- [et_pb_line_break_holder] -->[\/et_pb_code][\/et_pb_column][\/et_pb_row][\/et_pb_section][et_pb_section fb_built=&#8221;1&#8243; _builder_version=&#8221;3.26.6&#8243; background_color=&#8221;#620024&#8243; custom_padding=&#8221;||50px||false|false&#8221; global_colors_info=&#8221;{}&#8221;][et_pb_row column_structure=&#8221;1_4,3_4&#8243; make_equal=&#8221;on&#8221; _builder_version=&#8221;3.26.6&#8243; custom_padding=&#8221;0px||0px|||&#8221; animation_style=&#8221;zoom&#8221; global_colors_info=&#8221;{}&#8221;][et_pb_column type=&#8221;1_4&#8243; _builder_version=&#8221;3.26.6&#8243; global_colors_info=&#8221;{}&#8221;][et_pb_image src=&#8221;https:\/\/www.portadafrente.pt\/ebook\/wp-content\/uploads\/2021\/05\/Ativo-2.png&#8221; align_tablet=&#8221;&#8221; align_phone=&#8221;center&#8221; align_last_edited=&#8221;on|desktop&#8221; _builder_version=&#8221;3.26.6&#8243; max_width=&#8221;180px&#8221; global_colors_info=&#8221;{}&#8221;][\/et_pb_image][\/et_pb_column][et_pb_column type=&#8221;3_4&#8243; _builder_version=&#8221;3.26.6&#8243; global_colors_info=&#8221;{}&#8221;][et_pb_text _builder_version=&#8221;4.9.4&#8243; text_text_color=&#8221;#ffffff&#8221; header_6_text_color=&#8221;#ffffff&#8221; header_6_font_size=&#8221;11px&#8221; text_orientation_tablet=&#8221;&#8221; text_orientation_phone=&#8221;center&#8221; text_orientation_last_edited=&#8221;on|desktop&#8221; global_colors_info=&#8221;{}&#8221;]<\/p>\n<p><span>A\u00a0<\/span><strong>Porta da Frente Christie\u2019s<\/strong><span>\u00a0\u00e9 uma empresa de media\u00e7\u00e3o imobili\u00e1ria que trabalha no mercado h\u00e1 mais de duas d\u00e9cadas, focando-se nos melhores im\u00f3veis e empreendimentos, quer para venda quer para arrendamento. A empresa foi selecionada pela prestigiada marca Christie\u2019s International Real Estate para representar Portugal, nas zonas de Lisboa, Cascais, Oeiras e Alentejo. A principal miss\u00e3o da\u00a0<\/span><strong>Porta da Frente Christie\u2019s<\/strong><span>\u00a0\u00e9 privilegiar um servi\u00e7o de excel\u00eancia a todos os nossos clientes.<\/span><\/p>\n<p><span><\/span><\/p>\n<h6><span>Porta da Frente &#8211; Soc. de Media\u00e7\u00e3o Imobili\u00e1ria, Lda. AMI: 6335 &#8211; 14\/02\/2005 &#8211; <a href=\"https:\/\/www.portadafrente.pt\/ebook\/politica-de-protecao-de-dados\/\" target=\"_blank\" rel=\"noopener noreferrer\">Leia a nossa pol\u00edtica de prote\u00e7\u00e3o de dados<\/a><\/span><\/h6>\n<p>[\/et_pb_text][\/et_pb_column][\/et_pb_row][\/et_pb_section]<\/p>\n","protected":false},"excerpt":{"rendered":"<p>Empreendimentos ExclusivosFa\u00e7a o download da nova edi\u00e7\u00e3o e conhe\u00e7a desde j\u00e1 alguns dos nossos destaques de empreendimentos em Lisboa, Cascais e Oeiras.A\u00a0Porta da Frente Christie\u2019s\u00a0\u00e9 uma empresa de media\u00e7\u00e3o imobili\u00e1ria que trabalha no mercado h\u00e1 mais de duas d\u00e9cadas, focando-se nos melhores im\u00f3veis e empreendimentos, quer para venda quer para arrendamento. A empresa foi selecionada [&hellip;]<\/p>\n","protected":false},"author":1,"featured_media":0,"parent":0,"menu_order":0,"comment_status":"closed","ping_status":"closed","template":"","meta":{"_et_pb_use_builder":"on","_et_pb_old_content":"<!-- wp:divi\/placeholder \/-->","_et_gb_content_width":""},"_links":{"self":[{"href":"https:\/\/www.portadafrente.pt\/ebook\/wp-json\/wp\/v2\/pages\/2182"}],"collection":[{"href":"https:\/\/www.portadafrente.pt\/ebook\/wp-json\/wp\/v2\/pages"}],"about":[{"href":"https:\/\/www.portadafrente.pt\/ebook\/wp-json\/wp\/v2\/types\/page"}],"author":[{"embeddable":true,"href":"https:\/\/www.portadafrente.pt\/ebook\/wp-json\/wp\/v2\/users\/1"}],"replies":[{"embeddable":true,"href":"https:\/\/www.portadafrente.pt\/ebook\/wp-json\/wp\/v2\/comments?post=2182"}],"version-history":[{"count":2,"href":"https:\/\/www.portadafrente.pt\/ebook\/wp-json\/wp\/v2\/pages\/2182\/revisions"}],"predecessor-version":[{"id":2186,"href":"https:\/\/www.portadafrente.pt\/ebook\/wp-json\/wp\/v2\/pages\/2182\/revisions\/2186"}],"wp:attachment":[{"href":"https:\/\/www.portadafrente.pt\/ebook\/wp-json\/wp\/v2\/media?parent=2182"}],"curies":[{"name":"wp","href":"https:\/\/api.w.org\/{rel}","templated":true}]}}